{"id":1910,"date":"2019-05-19T20:51:48","date_gmt":"2019-05-19T20:51:48","guid":{"rendered":"http:\/\/www.sborissimo.cz\/?page_id=1910"},"modified":"2019-05-19T21:20:39","modified_gmt":"2019-05-19T21:20:39","slug":"190518-linz-renesance-lidovky","status":"publish","type":"page","link":"https:\/\/www.sborissimo.cz\/index.php\/pro-nas\/videa\/190518-linz-renesance-lidovky\/","title":{"rendered":"190518 Linz &#8211; renesance, lidovky"},"content":{"rendered":"","protected":true},"excerpt":{"rendered":"","protected":true},"author":1,"featured_media":1913,"parent":1580,"menu_order":-2,"comment_status":"closed","ping_status":"closed","template":"page-templates\/full-width-page.php","meta":{"jetpack_post_was_ever_published":false,"footnotes":""},"class_list":["post-1910","page","type-page","status-publish","post-password-required","hentry","with-featured-image"],"jetpack_sharing_enabled":true,"jetpack_shortlink":"https:\/\/wp.me\/P9ffX1-uO","jetpack_likes_enabled":true,"jetpack-related-posts":[{"id":3174,"url":"https:\/\/www.sborissimo.cz\/index.php\/workshop-ida-kelarova\/","url_meta":{"origin":1910,"position":0},"title":"Zp\u00edvej srdcem","author":"sborissimo","date":"28. 8. 2025","format":false,"excerpt":"Zp\u00edvat um\u00ed \u00fapln\u011b ka\u017ed\u00fd, tvrd\u00ed Ida Kelarov\u00e1 v\u0161em sv\u00fdm p\u0159\u00edznivc\u016fm. Chcete se o tom p\u0159esv\u011bd\u010dit na vlastn\u00ed hlasivky? Nyn\u00ed m\u00e1te ojedin\u011blou mo\u017enost - Ida p\u0159ijede k n\u00e1m do P\u00edsku se sv\u00fdm hlasov\u00fdm workshopem, na kter\u00fd se m\u016f\u017eete p\u0159ihl\u00e1sit i vy. Co v\u00e1s \u010dek\u00e1? t\u0159i dny spole\u010dn\u00e9ho zp\u00edv\u00e1n\u00ed - souzn\u011bn\u00ed -\u2026","rel":"","context":"Similar post","block_context":{"text":"Similar post","link":""},"img":{"alt_text":"","src":"https:\/\/i0.wp.com\/www.sborissimo.cz\/wp-content\/uploads\/2025\/08\/Ida-Kelarova-web-3.jpg?fit=1075%2C718&ssl=1&resize=350%2C200","width":350,"height":200,"srcset":"https:\/\/i0.wp.com\/www.sborissimo.cz\/wp-content\/uploads\/2025\/08\/Ida-Kelarova-web-3.jpg?fit=1075%2C718&ssl=1&resize=350%2C200 1x, https:\/\/i0.wp.com\/www.sborissimo.cz\/wp-content\/uploads\/2025\/08\/Ida-Kelarova-web-3.jpg?fit=1075%2C718&ssl=1&resize=525%2C300 1.5x, https:\/\/i0.wp.com\/www.sborissimo.cz\/wp-content\/uploads\/2025\/08\/Ida-Kelarova-web-3.jpg?fit=1075%2C718&ssl=1&resize=700%2C400 2x, https:\/\/i0.wp.com\/www.sborissimo.cz\/wp-content\/uploads\/2025\/08\/Ida-Kelarova-web-3.jpg?fit=1075%2C718&ssl=1&resize=1050%2C600 3x"},"classes":[]},{"id":3424,"url":"https:\/\/www.sborissimo.cz\/index.php\/pro-nas\/repertoar\/vanoce-2\/narodil-se-kristus-pan\/","url_meta":{"origin":1910,"position":1},"title":"Narodil se Kristus P\u00e1n","author":"sborissimo","date":"9. 11. 2025","format":false,"excerpt":"Narodil se Kristus P\u00e1n - noty verze 2025St\u00e1hnout Sopran Sopran + sbor Alt Alt + sbor Tenor Tenor + sbor Bas Bas + sbor SBOR","rel":"","context":"Similar post","block_context":{"text":"Similar post","link":""},"img":{"alt_text":"","src":"","width":0,"height":0},"classes":[]},{"id":2,"url":"https:\/\/www.sborissimo.cz\/index.php\/o-nas\/","url_meta":{"origin":1910,"position":2},"title":"O N\u00c1S","author":"sborissimo","date":"2. 10. 2017","format":false,"excerpt":"SBORISSIMO Sm\u00ed\u0161en\u00fd p\u011bveck\u00fd sbor Sborissimo vznikl v roce 2001 na z\u00e1klad\u011b D\u011btsk\u00e9ho p\u011bveck\u00e9ho sboru p\u0159i DDM P\u00edsek. Pracujeme pod veden\u00edm Lenky Halamov\u00e9 na \u0161irok\u00e9m reperto\u00e1ru, vystupujeme v P\u00edsku, jiho\u010desk\u00fdch m\u011bstech i Praze, ale nebr\u00e1n\u00edme se ani z\u00e1jezd\u016fm do dalek\u00fdch kon\u010din sv\u011bta\u00a0. Od po\u010d\u00e1tku udr\u017eujeme tradici adventn\u00edch koncert\u016f zakon\u010den\u00fdch v\u00e1no\u010dn\u00edm vystoupen\u00edm\u2026","rel":"","context":"Similar post","block_context":{"text":"Similar post","link":""},"img":{"alt_text":"Sborissimo","src":"https:\/\/i0.wp.com\/www.sborissimo.cz\/wp-content\/uploads\/2017\/10\/9.png?fit=1180%2C250&ssl=1&resize=350%2C200","width":350,"height":200,"srcset":"https:\/\/i0.wp.com\/www.sborissimo.cz\/wp-content\/uploads\/2017\/10\/9.png?fit=1180%2C250&ssl=1&resize=350%2C200 1x, https:\/\/i0.wp.com\/www.sborissimo.cz\/wp-content\/uploads\/2017\/10\/9.png?fit=1180%2C250&ssl=1&resize=525%2C300 1.5x, https:\/\/i0.wp.com\/www.sborissimo.cz\/wp-content\/uploads\/2017\/10\/9.png?fit=1180%2C250&ssl=1&resize=700%2C400 2x, https:\/\/i0.wp.com\/www.sborissimo.cz\/wp-content\/uploads\/2017\/10\/9.png?fit=1180%2C250&ssl=1&resize=1050%2C600 3x"},"classes":[]},{"id":22,"url":"https:\/\/www.sborissimo.cz\/index.php\/koncerty\/","url_meta":{"origin":1910,"position":3},"title":"KONCERTY","author":"sborissimo","date":"28. 9. 2017","format":false,"excerpt":"Srde\u010dn\u011b v\u00e1s zveme na na\u0161e koncerty: 29. 5. Noc kostel\u016f, P\u00edsek \u00a0 Na\u0161e minul\u00e9 koncerty si m\u016f\u017eete p\u0159ipomenout v Galerii. P\u0159ejeme V\u00e1m, a\u0165 je V\u00e1m st\u00e1le do zp\u011bvu a t\u011b\u0161\u00edme se na dal\u0161\u00ed melodick\u00e1 setk\u00e1n\u00ed!","rel":"","context":"Similar post","block_context":{"text":"Similar post","link":""},"img":{"alt_text":"","src":"https:\/\/i0.wp.com\/www.sborissimo.cz\/wp-content\/uploads\/2018\/12\/SB_web_koncerty1812.png?fit=1180%2C250&ssl=1&resize=350%2C200","width":350,"height":200,"srcset":"https:\/\/i0.wp.com\/www.sborissimo.cz\/wp-content\/uploads\/2018\/12\/SB_web_koncerty1812.png?fit=1180%2C250&ssl=1&resize=350%2C200 1x, https:\/\/i0.wp.com\/www.sborissimo.cz\/wp-content\/uploads\/2018\/12\/SB_web_koncerty1812.png?fit=1180%2C250&ssl=1&resize=525%2C300 1.5x, https:\/\/i0.wp.com\/www.sborissimo.cz\/wp-content\/uploads\/2018\/12\/SB_web_koncerty1812.png?fit=1180%2C250&ssl=1&resize=700%2C400 2x, https:\/\/i0.wp.com\/www.sborissimo.cz\/wp-content\/uploads\/2018\/12\/SB_web_koncerty1812.png?fit=1180%2C250&ssl=1&resize=1050%2C600 3x"},"classes":[]},{"id":68,"url":"https:\/\/www.sborissimo.cz\/index.php\/harmonogram\/","url_meta":{"origin":1910,"position":4},"title":"HARMONOGRAM","author":"sborissimo","date":"3. 10. 2017","format":false,"excerpt":"ZKOU\u0160KY ka\u017ed\u00fd p\u00e1tek 16:15 - 18:15, d\u016fm U Koul\u00ed P\u00edsek, Fr\u00e1ni \u0160r\u00e1mka 131\/23, P\u00edsek SOUST\u0158ED\u011aN\u00cd 9:30 - 13:00 8. 2. D\u016fm U Koul\u00ed, P\u00edsek 28. 2. DDM \u0160vantlova 21. 3. 25. 4. 23. 5. KONCERTY 2026 16. 4. Spole\u010dn\u00fd koncert se sborem \u010chavorenge a Idou Kelarovou, P\u00edsek \u2013 Trojice, od\u2026","rel":"","context":"Similar post","block_context":{"text":"Similar post","link":""},"img":{"alt_text":"","src":"https:\/\/i0.wp.com\/www.sborissimo.cz\/wp-content\/uploads\/2017\/10\/SB_web_FI_zkou%C5%A1ky-1.png?fit=1180%2C250&ssl=1&resize=350%2C200","width":350,"height":200,"srcset":"https:\/\/i0.wp.com\/www.sborissimo.cz\/wp-content\/uploads\/2017\/10\/SB_web_FI_zkou%C5%A1ky-1.png?fit=1180%2C250&ssl=1&resize=350%2C200 1x, https:\/\/i0.wp.com\/www.sborissimo.cz\/wp-content\/uploads\/2017\/10\/SB_web_FI_zkou%C5%A1ky-1.png?fit=1180%2C250&ssl=1&resize=525%2C300 1.5x, https:\/\/i0.wp.com\/www.sborissimo.cz\/wp-content\/uploads\/2017\/10\/SB_web_FI_zkou%C5%A1ky-1.png?fit=1180%2C250&ssl=1&resize=700%2C400 2x, https:\/\/i0.wp.com\/www.sborissimo.cz\/wp-content\/uploads\/2017\/10\/SB_web_FI_zkou%C5%A1ky-1.png?fit=1180%2C250&ssl=1&resize=1050%2C600 3x"},"classes":[]},{"id":136,"url":"https:\/\/www.sborissimo.cz\/index.php\/kontakty\/","url_meta":{"origin":1910,"position":5},"title":"KONTAKTY","author":"sborissimo","date":"16. 10. 2017","format":false,"excerpt":"Tvo\u0159\u00edte kulturn\u00ed program pro svoji akci nebo organizaci? Nev\u00e1hejte n\u00e1s\u00a0kontaktovat, s radost\u00ed zazp\u00edv\u00e1me na festivalu, vernis\u00e1\u017ei,\u00a0slavnosti\u00a0\u010di\u00a0sv\u00e1te\u010dn\u00edm setk\u00e1n\u00ed. Jsme otev\u0159en\u00ed v\u0161em zaj\u00edmav\u00fdm projekt\u016fm v bl\u00edzk\u00e9m i dalek\u00e9m okol\u00ed, sv\u011btsk\u00e9m i duchovn\u00edm prost\u0159ed\u00ed, se sou\u010dasnou i\u00a0historickou t\u00e9matikou.\u00a0N\u00e1s to bav\u00ed v\u017edy a v\u0161ude! Z\u0158IZOVATEL\u00a0SBORU D\u016fm d\u011bt\u00ed\u00a0a ml\u00e1de\u017ee, \u0160vantlova 2394\/1, P\u00edsek, 397 01 MANA\u017dERKA\u2026","rel":"","context":"Similar post","block_context":{"text":"Similar post","link":""},"img":{"alt_text":"Sborissimo","src":"https:\/\/i0.wp.com\/www.sborissimo.cz\/wp-content\/uploads\/2017\/10\/10.png?fit=1180%2C250&ssl=1&resize=350%2C200","width":350,"height":200,"srcset":"https:\/\/i0.wp.com\/www.sborissimo.cz\/wp-content\/uploads\/2017\/10\/10.png?fit=1180%2C250&ssl=1&resize=350%2C200 1x, https:\/\/i0.wp.com\/www.sborissimo.cz\/wp-content\/uploads\/2017\/10\/10.png?fit=1180%2C250&ssl=1&resize=525%2C300 1.5x, https:\/\/i0.wp.com\/www.sborissimo.cz\/wp-content\/uploads\/2017\/10\/10.png?fit=1180%2C250&ssl=1&resize=700%2C400 2x, https:\/\/i0.wp.com\/www.sborissimo.cz\/wp-content\/uploads\/2017\/10\/10.png?fit=1180%2C250&ssl=1&resize=1050%2C600 3x"},"classes":[]}],"_links":{"self":[{"href":"https:\/\/www.sborissimo.cz\/index.php\/wp-json\/wp\/v2\/pages\/1910","targetHints":{"allow":["GET"]}}],"collection":[{"href":"https:\/\/www.sborissimo.cz\/index.php\/wp-json\/wp\/v2\/pages"}],"about":[{"href":"https:\/\/www.sborissimo.cz\/index.php\/wp-json\/wp\/v2\/types\/page"}],"author":[{"embeddable":true,"href":"https:\/\/www.sborissimo.cz\/index.php\/wp-json\/wp\/v2\/users\/1"}],"replies":[{"embeddable":true,"href":"https:\/\/www.sborissimo.cz\/index.php\/wp-json\/wp\/v2\/comments?post=1910"}],"version-history":[{"count":2,"href":"https:\/\/www.sborissimo.cz\/index.php\/wp-json\/wp\/v2\/pages\/1910\/revisions"}],"predecessor-version":[{"id":1912,"href":"https:\/\/www.sborissimo.cz\/index.php\/wp-json\/wp\/v2\/pages\/1910\/revisions\/1912"}],"up":[{"embeddable":true,"href":"https:\/\/www.sborissimo.cz\/index.php\/wp-json\/wp\/v2\/pages\/1580"}],"wp:featuredmedia":[{"embeddable":true,"href":"https:\/\/www.sborissimo.cz\/index.php\/wp-json\/wp\/v2\/media\/1913"}],"wp:attachment":[{"href":"https:\/\/www.sborissimo.cz\/index.php\/wp-json\/wp\/v2\/media?parent=1910"}],"curies":[{"name":"wp","href":"https:\/\/api.w.org\/{rel}","templated":true}]}}