{"id":3079,"date":"2025-04-04T13:25:02","date_gmt":"2025-04-04T13:25:02","guid":{"rendered":"http:\/\/www.sborissimo.cz\/?page_id=3079"},"modified":"2026-03-30T06:21:14","modified_gmt":"2026-03-30T06:21:14","slug":"pan-buh-vam-zaplat","status":"publish","type":"page","link":"https:\/\/www.sborissimo.cz\/index.php\/pro-nas\/repertoar\/lidovky\/pan-buh-vam-zaplat\/","title":{"rendered":"Pan Buh vam zapla\u0165"},"content":{"rendered":"","protected":true},"excerpt":{"rendered":"","protected":true},"author":1,"featured_media":0,"parent":2897,"menu_order":0,"comment_status":"closed","ping_status":"closed","template":"","meta":{"jetpack_post_was_ever_published":false,"footnotes":""},"class_list":["post-3079","page","type-page","status-publish","post-password-required","hentry","without-featured-image"],"jetpack_sharing_enabled":true,"jetpack_shortlink":"https:\/\/wp.me\/P9ffX1-NF","jetpack_likes_enabled":true,"jetpack-related-posts":[{"id":3424,"url":"https:\/\/www.sborissimo.cz\/index.php\/pro-nas\/repertoar\/vanoce-2\/narodil-se-kristus-pan\/","url_meta":{"origin":3079,"position":0},"title":"Narodil se Kristus P\u00e1n","author":"sborissimo","date":"9. 11. 2025","format":false,"excerpt":"Narodil se Kristus P\u00e1n - noty verze 2025St\u00e1hnout Sopran Sopran + sbor Alt Alt + sbor Tenor Tenor + sbor Bas Bas + sbor SBOR","rel":"","context":"Similar post","block_context":{"text":"Similar post","link":""},"img":{"alt_text":"","src":"","width":0,"height":0},"classes":[]},{"id":3362,"url":"https:\/\/www.sborissimo.cz\/index.php\/pro-nas\/repertoar\/vanoce-2\/gaudete-latinska-verze\/","url_meta":{"origin":3079,"position":1},"title":"Gaudete (latinsk\u00e1 verze)","author":"sborissimo","date":"12. 10. 2025","format":false,"excerpt":"Gaudete - latinsk\u00e1 verze - noty St\u00e1hnout Sopran 1 Sopran 1 + sbor Sopran 2 Sopran 2 + sbor Alt Alt + sbor Tenor 1 Tenor 1 + sbor Tenor 2 Tenor 2 + sbor Bas 1 Bas 1 + sbor Bas 2 Bas 2 + sbor SBOR","rel":"","context":"Similar post","block_context":{"text":"Similar post","link":""},"img":{"alt_text":"","src":"","width":0,"height":0},"classes":[]},{"id":3411,"url":"https:\/\/www.sborissimo.cz\/index.php\/pro-nas\/repertoar\/vanoce-2\/na-svjatyj-vecir\/","url_meta":{"origin":3079,"position":2},"title":"Na svjatyj ve\u010dir","author":"sborissimo","date":"9. 11. 2025","format":false,"excerpt":"Na svjatyj ve\u010dir - notySt\u00e1hnout Sopran - s\u00f3lo + sbor Sopran 1 + sbor Sopran 2 + sbor Alt - solo + sbor Alt + sbor Tenor + sbor Bas - solo + sbor Bas 1 + sbor Bas 2 + sbor SBOR","rel":"","context":"Similar post","block_context":{"text":"Similar post","link":""},"img":{"alt_text":"","src":"","width":0,"height":0},"classes":[]},{"id":3222,"url":"https:\/\/www.sborissimo.cz\/index.php\/pro-nas\/repertoar\/vanoce-2\/kdyz-andel-gabriel\/","url_meta":{"origin":3079,"position":3},"title":"Kdy\u017e and\u011bl Gabriel","author":"sborissimo","date":"8. 9. 2025","format":false,"excerpt":"NOTY=Kdy\u017e and\u011bl GabrielSt\u00e1hnout Sopran Sopran + sbor Alt 1 Alt 1 + sbor Alt 2 Alt 2 + sbor Tenor Tenor + sbor Bas 1 Bas 1 + sbor Bas 2 Bas 2 + sbor SBOR","rel":"","context":"Similar post","block_context":{"text":"Similar post","link":""},"img":{"alt_text":"","src":"","width":0,"height":0},"classes":[]},{"id":3028,"url":"https:\/\/www.sborissimo.cz\/index.php\/pro-nas\/repertoar\/renesance\/rukavy\/","url_meta":{"origin":3079,"position":4},"title":"Ruk\u00e1vy (Greensleeves)","author":"sborissimo","date":"21. 3. 2025","format":false,"excerpt":"Ruk\u00e1vy Greensleeves (noty)St\u00e1hnout Ruk\u00e1vy + akordySt\u00e1hnout sopran sopran+sbor alt alt+sbor tenor tenor+sbor bas bas+sbor SBOR","rel":"","context":"Similar post","block_context":{"text":"Similar post","link":""},"img":{"alt_text":"","src":"","width":0,"height":0},"classes":[]},{"id":3332,"url":"https:\/\/www.sborissimo.cz\/index.php\/pro-nas\/repertoar\/vanoce-2\/dormi-dormi\/","url_meta":{"origin":3079,"position":5},"title":"Dormi, dormi","author":"sborissimo","date":"9. 10. 2025","format":false,"excerpt":"Dormi dormi - notySt\u00e1hnout Sopran Sopran + sbor Alt Alt + sbor Tenor Tenor + sbor Bas Bas + sbor SBOR","rel":"","context":"Similar post","block_context":{"text":"Similar post","link":""},"img":{"alt_text":"","src":"","width":0,"height":0},"classes":[]}],"_links":{"self":[{"href":"https:\/\/www.sborissimo.cz\/index.php\/wp-json\/wp\/v2\/pages\/3079","targetHints":{"allow":["GET"]}}],"collection":[{"href":"https:\/\/www.sborissimo.cz\/index.php\/wp-json\/wp\/v2\/pages"}],"about":[{"href":"https:\/\/www.sborissimo.cz\/index.php\/wp-json\/wp\/v2\/types\/page"}],"author":[{"embeddable":true,"href":"https:\/\/www.sborissimo.cz\/index.php\/wp-json\/wp\/v2\/users\/1"}],"replies":[{"embeddable":true,"href":"https:\/\/www.sborissimo.cz\/index.php\/wp-json\/wp\/v2\/comments?post=3079"}],"version-history":[{"count":1,"href":"https:\/\/www.sborissimo.cz\/index.php\/wp-json\/wp\/v2\/pages\/3079\/revisions"}],"predecessor-version":[{"id":3090,"href":"https:\/\/www.sborissimo.cz\/index.php\/wp-json\/wp\/v2\/pages\/3079\/revisions\/3090"}],"up":[{"embeddable":true,"href":"https:\/\/www.sborissimo.cz\/index.php\/wp-json\/wp\/v2\/pages\/2897"}],"wp:attachment":[{"href":"https:\/\/www.sborissimo.cz\/index.php\/wp-json\/wp\/v2\/media?parent=3079"}],"curies":[{"name":"wp","href":"https:\/\/api.w.org\/{rel}","templated":true}]}}