{"id":3265,"date":"2025-09-26T06:39:19","date_gmt":"2025-09-26T06:39:19","guid":{"rendered":"https:\/\/www.sborissimo.cz\/?page_id=3265"},"modified":"2025-11-09T10:21:53","modified_gmt":"2025-11-09T10:21:53","slug":"somebodys-knocking","status":"publish","type":"page","link":"https:\/\/www.sborissimo.cz\/index.php\/pro-nas\/repertoar\/vanoce-2\/somebodys-knocking\/","title":{"rendered":"Somebody\u00b4s knocking"},"content":{"rendered":"\n<div data-wp-interactive=\"core\/file\" class=\"wp-block-file\"><object data-wp-bind--hidden=\"!state.hasPdfPreview\" hidden class=\"wp-block-file__embed\" data=\"http:\/\/www.sborissimo.cz\/wp-content\/uploads\/2025\/10\/Somebody\u00b4s-Knocking-prosim-ZNOVU.pdf\" type=\"application\/pdf\" style=\"width:100%;height:600px\" aria-label=\"Vlo\u017eit z Somebody\u00b4s Knocking - noty.\"><\/object><a id=\"wp-block-file--media-c6107c06-7ccf-44eb-8ce2-8b314b20fcaa\" href=\"http:\/\/www.sborissimo.cz\/wp-content\/uploads\/2025\/10\/Somebody\u00b4s-Knocking-prosim-ZNOVU.pdf\">Somebody\u00b4s Knocking &#8211; noty<\/a><a href=\"http:\/\/www.sborissimo.cz\/wp-content\/uploads\/2025\/10\/Somebody\u00b4s-Knocking-prosim-ZNOVU.pdf\" class=\"wp-block-file__button wp-element-button\" download aria-describedby=\"wp-block-file--media-c6107c06-7ccf-44eb-8ce2-8b314b20fcaa\">St\u00e1hnout<\/a><\/div>\n\n\n\n<div style=\"height:100px\" aria-hidden=\"true\" class=\"wp-block-spacer\"><\/div>\n\n\n\n<figure class=\"wp-block-audio\"><audio controls src=\"http:\/\/www.sborissimo.cz\/wp-content\/uploads\/2025\/10\/1-Some-KnockingS.wav\"><\/audio><figcaption class=\"wp-element-caption\">Sopran<\/figcaption><\/figure>\n\n\n\n<figure class=\"wp-block-audio\"><audio controls src=\"http:\/\/www.sborissimo.cz\/wp-content\/uploads\/2025\/10\/1-Some-KnockingSsbor.wav\"><\/audio><figcaption class=\"wp-element-caption\">Sopran + sbor<\/figcaption><\/figure>\n\n\n\n<figure class=\"wp-block-audio\"><audio controls src=\"http:\/\/www.sborissimo.cz\/wp-content\/uploads\/2025\/10\/2-Some-KnockingA.wav\"><\/audio><figcaption class=\"wp-element-caption\">Alt<\/figcaption><\/figure>\n\n\n\n<figure class=\"wp-block-audio\"><audio controls src=\"http:\/\/www.sborissimo.cz\/wp-content\/uploads\/2025\/10\/2-Some-KnockingAsbor.wav\"><\/audio><figcaption class=\"wp-element-caption\">Alt + sbor<\/figcaption><\/figure>\n\n\n\n<figure class=\"wp-block-audio\"><audio controls src=\"http:\/\/www.sborissimo.cz\/wp-content\/uploads\/2025\/10\/3-Some-KnockingT.wav\"><\/audio><figcaption class=\"wp-element-caption\">Tenor<\/figcaption><\/figure>\n\n\n\n<figure class=\"wp-block-audio\"><audio controls src=\"http:\/\/www.sborissimo.cz\/wp-content\/uploads\/2025\/10\/3-Some-KnockingTsbor.wav\"><\/audio><figcaption class=\"wp-element-caption\">Tenor + sbor<\/figcaption><\/figure>\n\n\n\n<figure class=\"wp-block-audio\"><audio controls src=\"http:\/\/www.sborissimo.cz\/wp-content\/uploads\/2025\/10\/4-Some-KnockingB.wav\"><\/audio><figcaption class=\"wp-element-caption\">Bas<\/figcaption><\/figure>\n\n\n\n<figure class=\"wp-block-audio\"><audio controls src=\"http:\/\/www.sborissimo.cz\/wp-content\/uploads\/2025\/10\/4-Some-KnockingBsbor.wav\"><\/audio><figcaption class=\"wp-element-caption\">Bas + sbor<\/figcaption><\/figure>\n\n\n\n<figure class=\"wp-block-audio\"><audio controls src=\"http:\/\/www.sborissimo.cz\/wp-content\/uploads\/2025\/10\/Some-KnockingSBOR.wav\"><\/audio><figcaption class=\"wp-element-caption\">SBOR<\/figcaption><\/figure>\n","protected":false},"excerpt":{"rendered":"","protected":false},"author":1,"featured_media":0,"parent":3200,"menu_order":13,"comment_status":"closed","ping_status":"closed","template":"","meta":{"jetpack_post_was_ever_published":false,"footnotes":""},"class_list":["post-3265","page","type-page","status-publish","hentry","without-featured-image"],"jetpack_sharing_enabled":true,"jetpack_shortlink":"https:\/\/wp.me\/P9ffX1-QF","jetpack_likes_enabled":true,"jetpack-related-posts":[{"id":3174,"url":"https:\/\/www.sborissimo.cz\/index.php\/workshop-ida-kelarova\/","url_meta":{"origin":3265,"position":0},"title":"Zp\u00edvej srdcem","author":"sborissimo","date":"28. 8. 2025","format":false,"excerpt":"Zp\u00edvat um\u00ed \u00fapln\u011b ka\u017ed\u00fd, tvrd\u00ed Ida Kelarov\u00e1 v\u0161em sv\u00fdm p\u0159\u00edznivc\u016fm. Chcete se o tom p\u0159esv\u011bd\u010dit na vlastn\u00ed hlasivky? Nyn\u00ed m\u00e1te ojedin\u011blou mo\u017enost - Ida p\u0159ijede k n\u00e1m do P\u00edsku se sv\u00fdm hlasov\u00fdm workshopem, na kter\u00fd se m\u016f\u017eete p\u0159ihl\u00e1sit i vy. Co v\u00e1s \u010dek\u00e1? t\u0159i dny spole\u010dn\u00e9ho zp\u00edv\u00e1n\u00ed - souzn\u011bn\u00ed -\u2026","rel":"","context":"Similar post","block_context":{"text":"Similar post","link":""},"img":{"alt_text":"","src":"https:\/\/i0.wp.com\/www.sborissimo.cz\/wp-content\/uploads\/2025\/08\/Ida-Kelarova-web-3.jpg?fit=1075%2C718&ssl=1&resize=350%2C200","width":350,"height":200,"srcset":"https:\/\/i0.wp.com\/www.sborissimo.cz\/wp-content\/uploads\/2025\/08\/Ida-Kelarova-web-3.jpg?fit=1075%2C718&ssl=1&resize=350%2C200 1x, https:\/\/i0.wp.com\/www.sborissimo.cz\/wp-content\/uploads\/2025\/08\/Ida-Kelarova-web-3.jpg?fit=1075%2C718&ssl=1&resize=525%2C300 1.5x, https:\/\/i0.wp.com\/www.sborissimo.cz\/wp-content\/uploads\/2025\/08\/Ida-Kelarova-web-3.jpg?fit=1075%2C718&ssl=1&resize=700%2C400 2x, https:\/\/i0.wp.com\/www.sborissimo.cz\/wp-content\/uploads\/2025\/08\/Ida-Kelarova-web-3.jpg?fit=1075%2C718&ssl=1&resize=1050%2C600 3x"},"classes":[]},{"id":75,"url":"https:\/\/www.sborissimo.cz\/index.php\/galerie\/","url_meta":{"origin":3265,"position":1},"title":"GALERIE","author":"sborissimo","date":"3. 10. 2017","format":false,"excerpt":"P\u0159ipome\u0148te si s n\u00e1mi koncerty a setk\u00e1n\u00ed na fotk\u00e1ch a vide\u00edch","rel":"","context":"Similar post","block_context":{"text":"Similar post","link":""},"img":{"alt_text":"fotky a videa","src":"https:\/\/i0.wp.com\/www.sborissimo.cz\/wp-content\/uploads\/2017\/10\/SB_web_FI_galerie.png?fit=1180%2C250&ssl=1&resize=350%2C200","width":350,"height":200,"srcset":"https:\/\/i0.wp.com\/www.sborissimo.cz\/wp-content\/uploads\/2017\/10\/SB_web_FI_galerie.png?fit=1180%2C250&ssl=1&resize=350%2C200 1x, https:\/\/i0.wp.com\/www.sborissimo.cz\/wp-content\/uploads\/2017\/10\/SB_web_FI_galerie.png?fit=1180%2C250&ssl=1&resize=525%2C300 1.5x, https:\/\/i0.wp.com\/www.sborissimo.cz\/wp-content\/uploads\/2017\/10\/SB_web_FI_galerie.png?fit=1180%2C250&ssl=1&resize=700%2C400 2x, https:\/\/i0.wp.com\/www.sborissimo.cz\/wp-content\/uploads\/2017\/10\/SB_web_FI_galerie.png?fit=1180%2C250&ssl=1&resize=1050%2C600 3x"},"classes":[]},{"id":270,"url":"https:\/\/www.sborissimo.cz\/index.php\/galerie\/25-4-2010-gospelova-mse\/","url_meta":{"origin":3265,"position":2},"title":"25.&nbsp;4.&nbsp;2010 Gospelov\u00e1 m\u0161e","author":"sborissimo","date":"25. 4. 2010","format":false,"excerpt":"Jeden z na\u0161ich velice vyda\u0159en\u00fdch projekt\u016f s pra\u017eskou kapelou. V\u0161ichni jsme si to moc u\u017eili... \u00a0","rel":"","context":"Similar post","block_context":{"text":"Similar post","link":""},"img":{"alt_text":"","src":"https:\/\/i0.wp.com\/www.sborissimo.cz\/wp-content\/uploads\/2010\/04\/imgp8142.jpg?fit=640%2C427&ssl=1&resize=350%2C200","width":350,"height":200,"srcset":"https:\/\/i0.wp.com\/www.sborissimo.cz\/wp-content\/uploads\/2010\/04\/imgp8142.jpg?fit=640%2C427&ssl=1&resize=350%2C200 1x, https:\/\/i0.wp.com\/www.sborissimo.cz\/wp-content\/uploads\/2010\/04\/imgp8142.jpg?fit=640%2C427&ssl=1&resize=525%2C300 1.5x"},"classes":[]},{"id":15,"url":"https:\/\/www.sborissimo.cz\/","url_meta":{"origin":3265,"position":3},"title":"Zp\u00edvejte si s&nbsp;n\u00e1mi","author":"sborissimo","date":"28. 9. 2017","format":false,"excerpt":"Sborissimo je sm\u00ed\u0161en\u00fd p\u011bveck\u00fd sbor z P\u00edsku, kter\u00fd pracuje pod veden\u00edm sbormistryn\u011b Lenky Halamov\u00e9.","rel":"","context":"Similar post","block_context":{"text":"Similar post","link":""},"img":{"alt_text":"","src":"https:\/\/i0.wp.com\/www.sborissimo.cz\/wp-content\/uploads\/2025\/03\/Sborissimo-uvod_P%C3%ADsek.png?fit=1200%2C675&ssl=1&resize=350%2C200","width":350,"height":200,"srcset":"https:\/\/i0.wp.com\/www.sborissimo.cz\/wp-content\/uploads\/2025\/03\/Sborissimo-uvod_P%C3%ADsek.png?fit=1200%2C675&ssl=1&resize=350%2C200 1x, https:\/\/i0.wp.com\/www.sborissimo.cz\/wp-content\/uploads\/2025\/03\/Sborissimo-uvod_P%C3%ADsek.png?fit=1200%2C675&ssl=1&resize=525%2C300 1.5x, https:\/\/i0.wp.com\/www.sborissimo.cz\/wp-content\/uploads\/2025\/03\/Sborissimo-uvod_P%C3%ADsek.png?fit=1200%2C675&ssl=1&resize=700%2C400 2x, https:\/\/i0.wp.com\/www.sborissimo.cz\/wp-content\/uploads\/2025\/03\/Sborissimo-uvod_P%C3%ADsek.png?fit=1200%2C675&ssl=1&resize=1050%2C600 3x"},"classes":[]},{"id":2,"url":"https:\/\/www.sborissimo.cz\/index.php\/o-nas\/","url_meta":{"origin":3265,"position":4},"title":"O N\u00c1S","author":"sborissimo","date":"2. 10. 2017","format":false,"excerpt":"SBORISSIMO Sm\u00ed\u0161en\u00fd p\u011bveck\u00fd sbor Sborissimo vznikl v roce 2001 na z\u00e1klad\u011b D\u011btsk\u00e9ho p\u011bveck\u00e9ho sboru p\u0159i DDM P\u00edsek. Pracujeme pod veden\u00edm Lenky Halamov\u00e9 na \u0161irok\u00e9m reperto\u00e1ru, vystupujeme v P\u00edsku, jiho\u010desk\u00fdch m\u011bstech i Praze, ale nebr\u00e1n\u00edme se ani z\u00e1jezd\u016fm do dalek\u00fdch kon\u010din sv\u011bta\u00a0. Od po\u010d\u00e1tku udr\u017eujeme tradici adventn\u00edch koncert\u016f zakon\u010den\u00fdch v\u00e1no\u010dn\u00edm vystoupen\u00edm\u2026","rel":"","context":"Similar post","block_context":{"text":"Similar post","link":""},"img":{"alt_text":"Sborissimo","src":"https:\/\/i0.wp.com\/www.sborissimo.cz\/wp-content\/uploads\/2017\/10\/9.png?fit=1180%2C250&ssl=1&resize=350%2C200","width":350,"height":200,"srcset":"https:\/\/i0.wp.com\/www.sborissimo.cz\/wp-content\/uploads\/2017\/10\/9.png?fit=1180%2C250&ssl=1&resize=350%2C200 1x, https:\/\/i0.wp.com\/www.sborissimo.cz\/wp-content\/uploads\/2017\/10\/9.png?fit=1180%2C250&ssl=1&resize=525%2C300 1.5x, https:\/\/i0.wp.com\/www.sborissimo.cz\/wp-content\/uploads\/2017\/10\/9.png?fit=1180%2C250&ssl=1&resize=700%2C400 2x, https:\/\/i0.wp.com\/www.sborissimo.cz\/wp-content\/uploads\/2017\/10\/9.png?fit=1180%2C250&ssl=1&resize=1050%2C600 3x"},"classes":[]},{"id":136,"url":"https:\/\/www.sborissimo.cz\/index.php\/kontakty\/","url_meta":{"origin":3265,"position":5},"title":"KONTAKTY","author":"sborissimo","date":"16. 10. 2017","format":false,"excerpt":"Tvo\u0159\u00edte kulturn\u00ed program pro svoji akci nebo organizaci? Nev\u00e1hejte n\u00e1s\u00a0kontaktovat, s radost\u00ed zazp\u00edv\u00e1me na festivalu, vernis\u00e1\u017ei,\u00a0slavnosti\u00a0\u010di\u00a0sv\u00e1te\u010dn\u00edm setk\u00e1n\u00ed. Jsme otev\u0159en\u00ed v\u0161em zaj\u00edmav\u00fdm projekt\u016fm v bl\u00edzk\u00e9m i dalek\u00e9m okol\u00ed, sv\u011btsk\u00e9m i duchovn\u00edm prost\u0159ed\u00ed, se sou\u010dasnou i\u00a0historickou t\u00e9matikou.\u00a0N\u00e1s to bav\u00ed v\u017edy a v\u0161ude! Z\u0158IZOVATEL\u00a0SBORU D\u016fm d\u011bt\u00ed\u00a0a ml\u00e1de\u017ee, \u0160vantlova 2394\/1, P\u00edsek, 397 01 MANA\u017dERKA\u2026","rel":"","context":"Similar post","block_context":{"text":"Similar post","link":""},"img":{"alt_text":"Sborissimo","src":"https:\/\/i0.wp.com\/www.sborissimo.cz\/wp-content\/uploads\/2017\/10\/10.png?fit=1180%2C250&ssl=1&resize=350%2C200","width":350,"height":200,"srcset":"https:\/\/i0.wp.com\/www.sborissimo.cz\/wp-content\/uploads\/2017\/10\/10.png?fit=1180%2C250&ssl=1&resize=350%2C200 1x, https:\/\/i0.wp.com\/www.sborissimo.cz\/wp-content\/uploads\/2017\/10\/10.png?fit=1180%2C250&ssl=1&resize=525%2C300 1.5x, https:\/\/i0.wp.com\/www.sborissimo.cz\/wp-content\/uploads\/2017\/10\/10.png?fit=1180%2C250&ssl=1&resize=700%2C400 2x, https:\/\/i0.wp.com\/www.sborissimo.cz\/wp-content\/uploads\/2017\/10\/10.png?fit=1180%2C250&ssl=1&resize=1050%2C600 3x"},"classes":[]}],"_links":{"self":[{"href":"https:\/\/www.sborissimo.cz\/index.php\/wp-json\/wp\/v2\/pages\/3265","targetHints":{"allow":["GET"]}}],"collection":[{"href":"https:\/\/www.sborissimo.cz\/index.php\/wp-json\/wp\/v2\/pages"}],"about":[{"href":"https:\/\/www.sborissimo.cz\/index.php\/wp-json\/wp\/v2\/types\/page"}],"author":[{"embeddable":true,"href":"https:\/\/www.sborissimo.cz\/index.php\/wp-json\/wp\/v2\/users\/1"}],"replies":[{"embeddable":true,"href":"https:\/\/www.sborissimo.cz\/index.php\/wp-json\/wp\/v2\/comments?post=3265"}],"version-history":[{"count":4,"href":"https:\/\/www.sborissimo.cz\/index.php\/wp-json\/wp\/v2\/pages\/3265\/revisions"}],"predecessor-version":[{"id":3347,"href":"https:\/\/www.sborissimo.cz\/index.php\/wp-json\/wp\/v2\/pages\/3265\/revisions\/3347"}],"up":[{"embeddable":true,"href":"https:\/\/www.sborissimo.cz\/index.php\/wp-json\/wp\/v2\/pages\/3200"}],"wp:attachment":[{"href":"https:\/\/www.sborissimo.cz\/index.php\/wp-json\/wp\/v2\/media?parent=3265"}],"curies":[{"name":"wp","href":"https:\/\/api.w.org\/{rel}","templated":true}]}}