{"id":3411,"date":"2025-11-09T08:36:28","date_gmt":"2025-11-09T08:36:28","guid":{"rendered":"https:\/\/www.sborissimo.cz\/?page_id=3411"},"modified":"2025-11-09T10:14:04","modified_gmt":"2025-11-09T10:14:04","slug":"na-svjatyj-vecir","status":"publish","type":"page","link":"https:\/\/www.sborissimo.cz\/index.php\/pro-nas\/repertoar\/vanoce-2\/na-svjatyj-vecir\/","title":{"rendered":"Na svjatyj ve\u010dir"},"content":{"rendered":"\n<div data-wp-interactive=\"core\/file\" class=\"wp-block-file\"><object data-wp-bind--hidden=\"!state.hasPdfPreview\" hidden class=\"wp-block-file__embed\" data=\"http:\/\/www.sborissimo.cz\/wp-content\/uploads\/2025\/11\/Na-svjatyj-vecir.pdf\" type=\"application\/pdf\" style=\"width:100%;height:600px\" aria-label=\"Vlo\u017eit z Na svjatyj ve\u010dir - noty.\"><\/object><a id=\"wp-block-file--media-697974fb-3a8f-44da-bd43-6b3a06f0250f\" href=\"http:\/\/www.sborissimo.cz\/wp-content\/uploads\/2025\/11\/Na-svjatyj-vecir.pdf\">Na svjatyj ve\u010dir &#8211; noty<\/a><a href=\"http:\/\/www.sborissimo.cz\/wp-content\/uploads\/2025\/11\/Na-svjatyj-vecir.pdf\" class=\"wp-block-file__button wp-element-button\" download aria-describedby=\"wp-block-file--media-697974fb-3a8f-44da-bd43-6b3a06f0250f\">St\u00e1hnout<\/a><\/div>\n\n\n\n<figure class=\"wp-block-audio\"><audio controls src=\"http:\/\/www.sborissimo.cz\/wp-content\/uploads\/2025\/11\/1-Na-sv.-vecirS-solosbor.wav\"><\/audio><figcaption class=\"wp-element-caption\">Sopran &#8211; s\u00f3lo + sbor<\/figcaption><\/figure>\n\n\n\n<figure class=\"wp-block-audio\"><audio controls src=\"http:\/\/www.sborissimo.cz\/wp-content\/uploads\/2025\/11\/1-Na-sv.-vecirS1sbor.wav\"><\/audio><figcaption class=\"wp-element-caption\">Sopran 1 + sbor<\/figcaption><\/figure>\n\n\n\n<figure class=\"wp-block-audio\"><audio controls src=\"http:\/\/www.sborissimo.cz\/wp-content\/uploads\/2025\/11\/1-Na-sv.-vecirS2sbor.wav\"><\/audio><figcaption class=\"wp-element-caption\">Sopran 2 + sbor<\/figcaption><\/figure>\n\n\n\n<figure class=\"wp-block-audio\"><audio controls src=\"http:\/\/www.sborissimo.cz\/wp-content\/uploads\/2025\/11\/2-Na-sv.-vecirA-solosbor.wav\"><\/audio><figcaption class=\"wp-element-caption\">Alt &#8211; solo + sbor<\/figcaption><\/figure>\n\n\n\n<figure class=\"wp-block-audio\"><audio controls src=\"http:\/\/www.sborissimo.cz\/wp-content\/uploads\/2025\/11\/2-Na-sv.-vecirAsbor.wav\"><\/audio><figcaption class=\"wp-element-caption\">Alt + sbor<\/figcaption><\/figure>\n\n\n\n<figure class=\"wp-block-audio\"><audio controls src=\"http:\/\/www.sborissimo.cz\/wp-content\/uploads\/2025\/11\/3-Na-sv.-vecirTsbor.wav\"><\/audio><figcaption class=\"wp-element-caption\">Tenor + sbor<\/figcaption><\/figure>\n\n\n\n<figure class=\"wp-block-audio\"><audio controls src=\"http:\/\/www.sborissimo.cz\/wp-content\/uploads\/2025\/11\/4-Na-sv.-vecirB-solosbor.wav\"><\/audio><figcaption class=\"wp-element-caption\">Bas &#8211; solo + sbor<\/figcaption><\/figure>\n\n\n\n<figure class=\"wp-block-audio\"><audio controls src=\"http:\/\/www.sborissimo.cz\/wp-content\/uploads\/2025\/11\/4-Na-sv.-vecirB1sbor.wav\"><\/audio><figcaption class=\"wp-element-caption\">Bas 1 + sbor<\/figcaption><\/figure>\n\n\n\n<figure class=\"wp-block-audio\"><audio controls src=\"http:\/\/www.sborissimo.cz\/wp-content\/uploads\/2025\/11\/4-Na-sv.-vecirB2sbor.wav\"><\/audio><figcaption class=\"wp-element-caption\">Bas 2 + sbor<\/figcaption><\/figure>\n\n\n\n<figure class=\"wp-block-audio\"><audio controls src=\"http:\/\/www.sborissimo.cz\/wp-content\/uploads\/2025\/11\/Na-sv.-vecirSBOR.wav\"><\/audio><figcaption class=\"wp-element-caption\">SBOR<\/figcaption><\/figure>\n\n\n\n<p><\/p>\n","protected":false},"excerpt":{"rendered":"","protected":false},"author":1,"featured_media":0,"parent":3200,"menu_order":7,"comment_status":"closed","ping_status":"closed","template":"","meta":{"jetpack_post_was_ever_published":false,"footnotes":""},"class_list":["post-3411","page","type-page","status-publish","hentry","without-featured-image"],"jetpack_sharing_enabled":true,"jetpack_shortlink":"https:\/\/wp.me\/P9ffX1-T1","jetpack_likes_enabled":true,"jetpack-related-posts":[{"id":3280,"url":"https:\/\/www.sborissimo.cz\/index.php\/pro-nas\/repertoar\/vanoce-2\/na-nebi-andele\/","url_meta":{"origin":3411,"position":0},"title":"Na nebi and\u011bl\u00e9","author":"sborissimo","date":"2. 10. 2025","format":false,"excerpt":"Na nebi and\u011bl\u00e9 - notySt\u00e1hnout Sopran Sopran + sbor Alt Alt + sbor Tenor Tenor + sbor Bas 1 Bas 1 + sbor Bas 2 Bas 2 + sbor SBOR","rel":"","context":"Similar post","block_context":{"text":"Similar post","link":""},"img":{"alt_text":"","src":"","width":0,"height":0},"classes":[]},{"id":3437,"url":"https:\/\/www.sborissimo.cz\/index.php\/pro-nas\/repertoar\/vanoce-2\/3437-2\/","url_meta":{"origin":3411,"position":1},"title":"P\u0159i Betlem\u011b na sala\u0161i","author":"sborissimo","date":"9. 11. 2025","format":false,"excerpt":"P\u0159i Betlem\u011b na sala\u0161i - notySt\u00e1hnout Sopran Sopran + sbor Alt Alt + sbor Tenor Tenor + sbor Bas Bas + sbor SBOR","rel":"","context":"Similar post","block_context":{"text":"Similar post","link":""},"img":{"alt_text":"","src":"","width":0,"height":0},"classes":[]},{"id":3362,"url":"https:\/\/www.sborissimo.cz\/index.php\/pro-nas\/repertoar\/vanoce-2\/gaudete-latinska-verze\/","url_meta":{"origin":3411,"position":2},"title":"Gaudete (latinsk\u00e1 verze)","author":"sborissimo","date":"12. 10. 2025","format":false,"excerpt":"Gaudete - latinsk\u00e1 verze - noty St\u00e1hnout Sopran 1 Sopran 1 + sbor Sopran 2 Sopran 2 + sbor Alt Alt + sbor Tenor 1 Tenor 1 + sbor Tenor 2 Tenor 2 + sbor Bas 1 Bas 1 + sbor Bas 2 Bas 2 + sbor SBOR","rel":"","context":"Similar post","block_context":{"text":"Similar post","link":""},"img":{"alt_text":"","src":"","width":0,"height":0},"classes":[]},{"id":3028,"url":"https:\/\/www.sborissimo.cz\/index.php\/pro-nas\/repertoar\/renesance\/rukavy\/","url_meta":{"origin":3411,"position":3},"title":"Ruk\u00e1vy (Greensleeves)","author":"sborissimo","date":"21. 3. 2025","format":false,"excerpt":"Ruk\u00e1vy Greensleeves (noty)St\u00e1hnout Ruk\u00e1vy + akordySt\u00e1hnout sopran sopran+sbor alt alt+sbor tenor tenor+sbor bas bas+sbor SBOR","rel":"","context":"Similar post","block_context":{"text":"Similar post","link":""},"img":{"alt_text":"","src":"","width":0,"height":0},"classes":[]},{"id":3332,"url":"https:\/\/www.sborissimo.cz\/index.php\/pro-nas\/repertoar\/vanoce-2\/dormi-dormi\/","url_meta":{"origin":3411,"position":4},"title":"Dormi, dormi","author":"sborissimo","date":"9. 10. 2025","format":false,"excerpt":"Dormi dormi - notySt\u00e1hnout Sopran Sopran + sbor Alt Alt + sbor Tenor Tenor + sbor Bas Bas + sbor SBOR","rel":"","context":"Similar post","block_context":{"text":"Similar post","link":""},"img":{"alt_text":"","src":"","width":0,"height":0},"classes":[]},{"id":3451,"url":"https:\/\/www.sborissimo.cz\/index.php\/pro-nas\/repertoar\/vanoce-2\/sedi-pantata\/","url_meta":{"origin":3411,"position":5},"title":"Sed\u00ed pant\u00e1ta","author":"sborissimo","date":"9. 11. 2025","format":false,"excerpt":"Sed\u00ed pant\u00e1ta - notySt\u00e1hnout Sopran Sopran + sbor Alt Alt + sbor Tenor Tenor + sbor Bas Bas + sbor SBOR","rel":"","context":"Similar post","block_context":{"text":"Similar post","link":""},"img":{"alt_text":"","src":"","width":0,"height":0},"classes":[]}],"_links":{"self":[{"href":"https:\/\/www.sborissimo.cz\/index.php\/wp-json\/wp\/v2\/pages\/3411","targetHints":{"allow":["GET"]}}],"collection":[{"href":"https:\/\/www.sborissimo.cz\/index.php\/wp-json\/wp\/v2\/pages"}],"about":[{"href":"https:\/\/www.sborissimo.cz\/index.php\/wp-json\/wp\/v2\/types\/page"}],"author":[{"embeddable":true,"href":"https:\/\/www.sborissimo.cz\/index.php\/wp-json\/wp\/v2\/users\/1"}],"replies":[{"embeddable":true,"href":"https:\/\/www.sborissimo.cz\/index.php\/wp-json\/wp\/v2\/comments?post=3411"}],"version-history":[{"count":1,"href":"https:\/\/www.sborissimo.cz\/index.php\/wp-json\/wp\/v2\/pages\/3411\/revisions"}],"predecessor-version":[{"id":3423,"href":"https:\/\/www.sborissimo.cz\/index.php\/wp-json\/wp\/v2\/pages\/3411\/revisions\/3423"}],"up":[{"embeddable":true,"href":"https:\/\/www.sborissimo.cz\/index.php\/wp-json\/wp\/v2\/pages\/3200"}],"wp:attachment":[{"href":"https:\/\/www.sborissimo.cz\/index.php\/wp-json\/wp\/v2\/media?parent=3411"}],"curies":[{"name":"wp","href":"https:\/\/api.w.org\/{rel}","templated":true}]}}