{"id":3451,"date":"2025-11-09T09:18:36","date_gmt":"2025-11-09T09:18:36","guid":{"rendered":"https:\/\/www.sborissimo.cz\/?page_id=3451"},"modified":"2025-11-09T10:21:35","modified_gmt":"2025-11-09T10:21:35","slug":"sedi-pantata","status":"publish","type":"page","link":"https:\/\/www.sborissimo.cz\/index.php\/pro-nas\/repertoar\/vanoce-2\/sedi-pantata\/","title":{"rendered":"Sed\u00ed pant\u00e1ta"},"content":{"rendered":"\n<div data-wp-interactive=\"core\/file\" class=\"wp-block-file\"><object data-wp-bind--hidden=\"!state.hasPdfPreview\" hidden class=\"wp-block-file__embed\" data=\"http:\/\/www.sborissimo.cz\/wp-content\/uploads\/2025\/11\/Sedi-pantata.pdf\" type=\"application\/pdf\" style=\"width:100%;height:600px\" aria-label=\"Vlo\u017eit z Sed\u00ed pant\u00e1ta - noty.\"><\/object><a id=\"wp-block-file--media-96da7eec-d5c5-44d2-a0d3-6ac92a59952d\" href=\"http:\/\/www.sborissimo.cz\/wp-content\/uploads\/2025\/11\/Sedi-pantata.pdf\">Sed\u00ed pant\u00e1ta &#8211; noty<\/a><a href=\"http:\/\/www.sborissimo.cz\/wp-content\/uploads\/2025\/11\/Sedi-pantata.pdf\" class=\"wp-block-file__button wp-element-button\" download aria-describedby=\"wp-block-file--media-96da7eec-d5c5-44d2-a0d3-6ac92a59952d\">St\u00e1hnout<\/a><\/div>\n\n\n\n<div style=\"height:100px\" aria-hidden=\"true\" class=\"wp-block-spacer\"><\/div>\n\n\n\n<figure class=\"wp-block-audio\"><audio controls src=\"http:\/\/www.sborissimo.cz\/wp-content\/uploads\/2025\/11\/1-Sedi-pantataS.wav\"><\/audio><figcaption class=\"wp-element-caption\">Sopran<\/figcaption><\/figure>\n\n\n\n<figure class=\"wp-block-audio\"><audio controls src=\"http:\/\/www.sborissimo.cz\/wp-content\/uploads\/2025\/11\/1-Sedi-pantataSsbor.wav\"><\/audio><figcaption class=\"wp-element-caption\">Sopran + sbor<\/figcaption><\/figure>\n\n\n\n<figure class=\"wp-block-audio\"><audio controls src=\"http:\/\/www.sborissimo.cz\/wp-content\/uploads\/2025\/11\/2-Sedi-pantataA.wav\"><\/audio><figcaption class=\"wp-element-caption\">Alt<\/figcaption><\/figure>\n\n\n\n<figure class=\"wp-block-audio\"><audio controls src=\"http:\/\/www.sborissimo.cz\/wp-content\/uploads\/2025\/11\/2-Sedi-pantataAsbor.wav\"><\/audio><figcaption class=\"wp-element-caption\">Alt + sbor<\/figcaption><\/figure>\n\n\n\n<figure class=\"wp-block-audio\"><audio controls src=\"http:\/\/www.sborissimo.cz\/wp-content\/uploads\/2025\/11\/3-Sedi-pantataT.wav\"><\/audio><figcaption class=\"wp-element-caption\">Tenor<\/figcaption><\/figure>\n\n\n\n<figure class=\"wp-block-audio\"><audio controls src=\"http:\/\/www.sborissimo.cz\/wp-content\/uploads\/2025\/11\/3-Sedi-pantataTsbor.wav\"><\/audio><figcaption class=\"wp-element-caption\">Tenor + sbor<\/figcaption><\/figure>\n\n\n\n<figure class=\"wp-block-audio\"><audio controls src=\"http:\/\/www.sborissimo.cz\/wp-content\/uploads\/2025\/11\/4-Sedi-pantataB.wav\"><\/audio><figcaption class=\"wp-element-caption\">Bas<\/figcaption><\/figure>\n\n\n\n<figure class=\"wp-block-audio\"><audio controls src=\"http:\/\/www.sborissimo.cz\/wp-content\/uploads\/2025\/11\/4-Sedi-pantataBsbor.wav\"><\/audio><figcaption class=\"wp-element-caption\">Bas + sbor<\/figcaption><\/figure>\n\n\n\n<figure class=\"wp-block-audio\"><audio controls src=\"http:\/\/www.sborissimo.cz\/wp-content\/uploads\/2025\/11\/Sedi-pantataSBOR.wav\"><\/audio><figcaption class=\"wp-element-caption\">SBOR<\/figcaption><\/figure>\n","protected":false},"excerpt":{"rendered":"","protected":false},"author":1,"featured_media":0,"parent":3200,"menu_order":12,"comment_status":"closed","ping_status":"closed","template":"","meta":{"jetpack_post_was_ever_published":false,"footnotes":""},"class_list":["post-3451","page","type-page","status-publish","hentry","without-featured-image"],"jetpack_sharing_enabled":true,"jetpack_shortlink":"https:\/\/wp.me\/P9ffX1-TF","jetpack_likes_enabled":true,"jetpack-related-posts":[],"_links":{"self":[{"href":"https:\/\/www.sborissimo.cz\/index.php\/wp-json\/wp\/v2\/pages\/3451","targetHints":{"allow":["GET"]}}],"collection":[{"href":"https:\/\/www.sborissimo.cz\/index.php\/wp-json\/wp\/v2\/pages"}],"about":[{"href":"https:\/\/www.sborissimo.cz\/index.php\/wp-json\/wp\/v2\/types\/page"}],"author":[{"embeddable":true,"href":"https:\/\/www.sborissimo.cz\/index.php\/wp-json\/wp\/v2\/users\/1"}],"replies":[{"embeddable":true,"href":"https:\/\/www.sborissimo.cz\/index.php\/wp-json\/wp\/v2\/comments?post=3451"}],"version-history":[{"count":1,"href":"https:\/\/www.sborissimo.cz\/index.php\/wp-json\/wp\/v2\/pages\/3451\/revisions"}],"predecessor-version":[{"id":3462,"href":"https:\/\/www.sborissimo.cz\/index.php\/wp-json\/wp\/v2\/pages\/3451\/revisions\/3462"}],"up":[{"embeddable":true,"href":"https:\/\/www.sborissimo.cz\/index.php\/wp-json\/wp\/v2\/pages\/3200"}],"wp:attachment":[{"href":"https:\/\/www.sborissimo.cz\/index.php\/wp-json\/wp\/v2\/media?parent=3451"}],"curies":[{"name":"wp","href":"https:\/\/api.w.org\/{rel}","templated":true}]}}