{"id":3620,"date":"2026-03-26T07:25:02","date_gmt":"2026-03-26T07:25:02","guid":{"rendered":"https:\/\/www.sborissimo.cz\/?page_id=3620"},"modified":"2026-03-30T06:19:14","modified_gmt":"2026-03-30T06:19:14","slug":"madara","status":"publish","type":"page","link":"https:\/\/www.sborissimo.cz\/index.php\/pro-nas\/repertoar\/romske-pisne\/madara\/","title":{"rendered":"Madara"},"content":{"rendered":"","protected":true},"excerpt":{"rendered":"","protected":true},"author":1,"featured_media":0,"parent":3623,"menu_order":0,"comment_status":"closed","ping_status":"closed","template":"","meta":{"jetpack_post_was_ever_published":false,"footnotes":""},"class_list":["post-3620","page","type-page","status-publish","post-password-required","hentry","without-featured-image"],"jetpack_sharing_enabled":true,"jetpack_shortlink":"https:\/\/wp.me\/P9ffX1-Wo","jetpack_likes_enabled":true,"jetpack-related-posts":[{"id":3411,"url":"https:\/\/www.sborissimo.cz\/index.php\/pro-nas\/repertoar\/vanoce-2\/na-svjatyj-vecir\/","url_meta":{"origin":3620,"position":0},"title":"Na svjatyj ve\u010dir","author":"sborissimo","date":"9. 11. 2025","format":false,"excerpt":"Na svjatyj ve\u010dir - notySt\u00e1hnout Sopran - s\u00f3lo + sbor Sopran 1 + sbor Sopran 2 + sbor Alt - solo + sbor Alt + sbor Tenor + sbor Bas - solo + sbor Bas 1 + sbor Bas 2 + sbor SBOR","rel":"","context":"Similar post","block_context":{"text":"Similar post","link":""},"img":{"alt_text":"","src":"","width":0,"height":0},"classes":[]},{"id":3362,"url":"https:\/\/www.sborissimo.cz\/index.php\/pro-nas\/repertoar\/vanoce-2\/gaudete-latinska-verze\/","url_meta":{"origin":3620,"position":1},"title":"Gaudete (latinsk\u00e1 verze)","author":"sborissimo","date":"12. 10. 2025","format":false,"excerpt":"Gaudete - latinsk\u00e1 verze - noty St\u00e1hnout Sopran 1 Sopran 1 + sbor Sopran 2 Sopran 2 + sbor Alt Alt + sbor Tenor 1 Tenor 1 + sbor Tenor 2 Tenor 2 + sbor Bas 1 Bas 1 + sbor Bas 2 Bas 2 + sbor SBOR","rel":"","context":"Similar post","block_context":{"text":"Similar post","link":""},"img":{"alt_text":"","src":"","width":0,"height":0},"classes":[]},{"id":3380,"url":"https:\/\/www.sborissimo.cz\/index.php\/pro-nas\/repertoar\/vanoce-2\/nova-radist\/","url_meta":{"origin":3620,"position":2},"title":"Nova radis\u0165","author":"sborissimo","date":"12. 10. 2025","format":false,"excerpt":"Nova radis\u0165 - noty sborSt\u00e1hnout Nova radis\u0165-noty fl\u00e9tnySt\u00e1hnout Sopran Sopran + sbor Alt Alt + sbor Tenor Tenor + sbor Bas 1 Bas 1 + sbor Bas 2 Bas 2 + sbor SBOR","rel":"","context":"Similar post","block_context":{"text":"Similar post","link":""},"img":{"alt_text":"","src":"","width":0,"height":0},"classes":[]},{"id":3222,"url":"https:\/\/www.sborissimo.cz\/index.php\/pro-nas\/repertoar\/vanoce-2\/kdyz-andel-gabriel\/","url_meta":{"origin":3620,"position":3},"title":"Kdy\u017e and\u011bl Gabriel","author":"sborissimo","date":"8. 9. 2025","format":false,"excerpt":"NOTY=Kdy\u017e and\u011bl GabrielSt\u00e1hnout Sopran Sopran + sbor Alt 1 Alt 1 + sbor Alt 2 Alt 2 + sbor Tenor Tenor + sbor Bas 1 Bas 1 + sbor Bas 2 Bas 2 + sbor SBOR","rel":"","context":"Similar post","block_context":{"text":"Similar post","link":""},"img":{"alt_text":"","src":"","width":0,"height":0},"classes":[]},{"id":3317,"url":"https:\/\/www.sborissimo.cz\/index.php\/pro-nas\/repertoar\/vanoce-2\/alleluia\/","url_meta":{"origin":3620,"position":4},"title":"Alleluia","author":"sborissimo","date":"9. 10. 2025","format":false,"excerpt":"Alleluia (J. N. F. Marcelo) - notySt\u00e1hnout Sopran Sopran + sbor Alt Alt + sbor Tenor Tenor + sbor Bas 1 Bas 1 + sbor Bas 2 Bas 2 + sbor SBOR","rel":"","context":"Similar post","block_context":{"text":"Similar post","link":""},"img":{"alt_text":"","src":"","width":0,"height":0},"classes":[]},{"id":3280,"url":"https:\/\/www.sborissimo.cz\/index.php\/pro-nas\/repertoar\/vanoce-2\/na-nebi-andele\/","url_meta":{"origin":3620,"position":5},"title":"Na nebi and\u011bl\u00e9","author":"sborissimo","date":"2. 10. 2025","format":false,"excerpt":"Na nebi and\u011bl\u00e9 - notySt\u00e1hnout Sopran Sopran + sbor Alt Alt + sbor Tenor Tenor + sbor Bas 1 Bas 1 + sbor Bas 2 Bas 2 + sbor SBOR","rel":"","context":"Similar post","block_context":{"text":"Similar post","link":""},"img":{"alt_text":"","src":"","width":0,"height":0},"classes":[]}],"_links":{"self":[{"href":"https:\/\/www.sborissimo.cz\/index.php\/wp-json\/wp\/v2\/pages\/3620","targetHints":{"allow":["GET"]}}],"collection":[{"href":"https:\/\/www.sborissimo.cz\/index.php\/wp-json\/wp\/v2\/pages"}],"about":[{"href":"https:\/\/www.sborissimo.cz\/index.php\/wp-json\/wp\/v2\/types\/page"}],"author":[{"embeddable":true,"href":"https:\/\/www.sborissimo.cz\/index.php\/wp-json\/wp\/v2\/users\/1"}],"replies":[{"embeddable":true,"href":"https:\/\/www.sborissimo.cz\/index.php\/wp-json\/wp\/v2\/comments?post=3620"}],"version-history":[{"count":5,"href":"https:\/\/www.sborissimo.cz\/index.php\/wp-json\/wp\/v2\/pages\/3620\/revisions"}],"predecessor-version":[{"id":3660,"href":"https:\/\/www.sborissimo.cz\/index.php\/wp-json\/wp\/v2\/pages\/3620\/revisions\/3660"}],"up":[{"embeddable":true,"href":"https:\/\/www.sborissimo.cz\/index.php\/wp-json\/wp\/v2\/pages\/3623"}],"wp:attachment":[{"href":"https:\/\/www.sborissimo.cz\/index.php\/wp-json\/wp\/v2\/media?parent=3620"}],"curies":[{"name":"wp","href":"https:\/\/api.w.org\/{rel}","templated":true}]}}