{"id":3623,"date":"2026-03-26T07:24:40","date_gmt":"2026-03-26T07:24:40","guid":{"rendered":"https:\/\/www.sborissimo.cz\/?page_id=3623"},"modified":"2026-03-26T07:28:20","modified_gmt":"2026-03-26T07:28:20","slug":"romske-pisne","status":"publish","type":"page","link":"https:\/\/www.sborissimo.cz\/index.php\/pro-nas\/repertoar\/romske-pisne\/","title":{"rendered":"Romsk\u00e9 p\u00edsn\u011b"},"content":{"rendered":"","protected":true},"excerpt":{"rendered":"","protected":true},"author":1,"featured_media":3624,"parent":1460,"menu_order":0,"comment_status":"closed","ping_status":"closed","template":"page-templates\/grid-page.php","meta":{"jetpack_post_was_ever_published":false,"footnotes":""},"class_list":["post-3623","page","type-page","status-publish","post-password-required","hentry","with-featured-image"],"jetpack_sharing_enabled":true,"jetpack_shortlink":"https:\/\/wp.me\/P9ffX1-Wr","jetpack_likes_enabled":true,"jetpack-related-posts":[{"id":3174,"url":"https:\/\/www.sborissimo.cz\/index.php\/workshop-ida-kelarova\/","url_meta":{"origin":3623,"position":0},"title":"Zp\u00edvej srdcem","author":"sborissimo","date":"28. 8. 2025","format":false,"excerpt":"Zp\u00edvat um\u00ed \u00fapln\u011b ka\u017ed\u00fd, tvrd\u00ed Ida Kelarov\u00e1 v\u0161em sv\u00fdm p\u0159\u00edznivc\u016fm. Chcete se o tom p\u0159esv\u011bd\u010dit na vlastn\u00ed hlasivky? Nyn\u00ed m\u00e1te ojedin\u011blou mo\u017enost - Ida p\u0159ijede k n\u00e1m do P\u00edsku se sv\u00fdm hlasov\u00fdm workshopem, na kter\u00fd se m\u016f\u017eete p\u0159ihl\u00e1sit i vy. Co v\u00e1s \u010dek\u00e1? t\u0159i dny spole\u010dn\u00e9ho zp\u00edv\u00e1n\u00ed - souzn\u011bn\u00ed -\u2026","rel":"","context":"Similar post","block_context":{"text":"Similar post","link":""},"img":{"alt_text":"","src":"https:\/\/i0.wp.com\/www.sborissimo.cz\/wp-content\/uploads\/2025\/08\/Ida-Kelarova-web-3.jpg?fit=1075%2C718&ssl=1&resize=350%2C200","width":350,"height":200,"srcset":"https:\/\/i0.wp.com\/www.sborissimo.cz\/wp-content\/uploads\/2025\/08\/Ida-Kelarova-web-3.jpg?fit=1075%2C718&ssl=1&resize=350%2C200 1x, https:\/\/i0.wp.com\/www.sborissimo.cz\/wp-content\/uploads\/2025\/08\/Ida-Kelarova-web-3.jpg?fit=1075%2C718&ssl=1&resize=525%2C300 1.5x, https:\/\/i0.wp.com\/www.sborissimo.cz\/wp-content\/uploads\/2025\/08\/Ida-Kelarova-web-3.jpg?fit=1075%2C718&ssl=1&resize=700%2C400 2x, https:\/\/i0.wp.com\/www.sborissimo.cz\/wp-content\/uploads\/2025\/08\/Ida-Kelarova-web-3.jpg?fit=1075%2C718&ssl=1&resize=1050%2C600 3x"},"classes":[]},{"id":15,"url":"https:\/\/www.sborissimo.cz\/","url_meta":{"origin":3623,"position":1},"title":"Zp\u00edvejte si s&nbsp;n\u00e1mi","author":"sborissimo","date":"28. 9. 2017","format":false,"excerpt":"Sborissimo je sm\u00ed\u0161en\u00fd p\u011bveck\u00fd sbor z P\u00edsku, kter\u00fd pracuje pod veden\u00edm sbormistryn\u011b Lenky Halamov\u00e9.","rel":"","context":"Similar post","block_context":{"text":"Similar post","link":""},"img":{"alt_text":"","src":"https:\/\/i0.wp.com\/www.sborissimo.cz\/wp-content\/uploads\/2025\/03\/Sborissimo-uvod_P%C3%ADsek.png?fit=1200%2C675&ssl=1&resize=350%2C200","width":350,"height":200,"srcset":"https:\/\/i0.wp.com\/www.sborissimo.cz\/wp-content\/uploads\/2025\/03\/Sborissimo-uvod_P%C3%ADsek.png?fit=1200%2C675&ssl=1&resize=350%2C200 1x, https:\/\/i0.wp.com\/www.sborissimo.cz\/wp-content\/uploads\/2025\/03\/Sborissimo-uvod_P%C3%ADsek.png?fit=1200%2C675&ssl=1&resize=525%2C300 1.5x, https:\/\/i0.wp.com\/www.sborissimo.cz\/wp-content\/uploads\/2025\/03\/Sborissimo-uvod_P%C3%ADsek.png?fit=1200%2C675&ssl=1&resize=700%2C400 2x, https:\/\/i0.wp.com\/www.sborissimo.cz\/wp-content\/uploads\/2025\/03\/Sborissimo-uvod_P%C3%ADsek.png?fit=1200%2C675&ssl=1&resize=1050%2C600 3x"},"classes":[]},{"id":2,"url":"https:\/\/www.sborissimo.cz\/index.php\/o-nas\/","url_meta":{"origin":3623,"position":2},"title":"O N\u00c1S","author":"sborissimo","date":"2. 10. 2017","format":false,"excerpt":"SBORISSIMO Sm\u00ed\u0161en\u00fd p\u011bveck\u00fd sbor Sborissimo vznikl v roce 2001 na z\u00e1klad\u011b D\u011btsk\u00e9ho p\u011bveck\u00e9ho sboru p\u0159i DDM P\u00edsek. Pracujeme pod veden\u00edm Lenky Halamov\u00e9 na \u0161irok\u00e9m reperto\u00e1ru, vystupujeme v P\u00edsku, jiho\u010desk\u00fdch m\u011bstech i Praze, ale nebr\u00e1n\u00edme se ani z\u00e1jezd\u016fm do dalek\u00fdch kon\u010din sv\u011bta\u00a0. Od po\u010d\u00e1tku udr\u017eujeme tradici adventn\u00edch koncert\u016f zakon\u010den\u00fdch v\u00e1no\u010dn\u00edm vystoupen\u00edm\u2026","rel":"","context":"Similar post","block_context":{"text":"Similar post","link":""},"img":{"alt_text":"Sborissimo","src":"https:\/\/i0.wp.com\/www.sborissimo.cz\/wp-content\/uploads\/2017\/10\/9.png?fit=1180%2C250&ssl=1&resize=350%2C200","width":350,"height":200,"srcset":"https:\/\/i0.wp.com\/www.sborissimo.cz\/wp-content\/uploads\/2017\/10\/9.png?fit=1180%2C250&ssl=1&resize=350%2C200 1x, https:\/\/i0.wp.com\/www.sborissimo.cz\/wp-content\/uploads\/2017\/10\/9.png?fit=1180%2C250&ssl=1&resize=525%2C300 1.5x, https:\/\/i0.wp.com\/www.sborissimo.cz\/wp-content\/uploads\/2017\/10\/9.png?fit=1180%2C250&ssl=1&resize=700%2C400 2x, https:\/\/i0.wp.com\/www.sborissimo.cz\/wp-content\/uploads\/2017\/10\/9.png?fit=1180%2C250&ssl=1&resize=1050%2C600 3x"},"classes":[]}],"_links":{"self":[{"href":"https:\/\/www.sborissimo.cz\/index.php\/wp-json\/wp\/v2\/pages\/3623","targetHints":{"allow":["GET"]}}],"collection":[{"href":"https:\/\/www.sborissimo.cz\/index.php\/wp-json\/wp\/v2\/pages"}],"about":[{"href":"https:\/\/www.sborissimo.cz\/index.php\/wp-json\/wp\/v2\/types\/page"}],"author":[{"embeddable":true,"href":"https:\/\/www.sborissimo.cz\/index.php\/wp-json\/wp\/v2\/users\/1"}],"replies":[{"embeddable":true,"href":"https:\/\/www.sborissimo.cz\/index.php\/wp-json\/wp\/v2\/comments?post=3623"}],"version-history":[{"count":1,"href":"https:\/\/www.sborissimo.cz\/index.php\/wp-json\/wp\/v2\/pages\/3623\/revisions"}],"predecessor-version":[{"id":3625,"href":"https:\/\/www.sborissimo.cz\/index.php\/wp-json\/wp\/v2\/pages\/3623\/revisions\/3625"}],"up":[{"embeddable":true,"href":"https:\/\/www.sborissimo.cz\/index.php\/wp-json\/wp\/v2\/pages\/1460"}],"wp:featuredmedia":[{"embeddable":true,"href":"https:\/\/www.sborissimo.cz\/index.php\/wp-json\/wp\/v2\/media\/3624"}],"wp:attachment":[{"href":"https:\/\/www.sborissimo.cz\/index.php\/wp-json\/wp\/v2\/media?parent=3623"}],"curies":[{"name":"wp","href":"https:\/\/api.w.org\/{rel}","templated":true}]}}